{"id":252,"date":"2019-12-27T11:46:30","date_gmt":"2019-12-27T11:46:30","guid":{"rendered":"http:\/\/paul-themes.com\/wordpress\/robert\/?page_id=252"},"modified":"2023-06-12T15:21:39","modified_gmt":"2023-06-12T15:21:39","slug":"blog","status":"publish","type":"page","link":"https:\/\/www.gulsahsahin.com\/?page_id=252","title":{"rendered":"Blog"},"content":{"rendered":"\t\t<div data-elementor-type=\"wp-page\" data-elementor-id=\"252\" class=\"elementor elementor-252\">\n\t\t\t\t\t\t<div class=\"elementor-inner\">\n\t\t\t\t<div class=\"elementor-section-wrap\">\n\t\t\t\t\t\t\t\t\t<section class=\"elementor-section elementor-top-section elementor-element elementor-element-a9ee8cd elementor-section-boxed elementor-section-height-default elementor-section-height-default\" data-id=\"a9ee8cd\" data-element_type=\"section\">\n\t\t\t\t\t\t<div class=\"elementor-container elementor-column-gap-default\">\n\t\t\t\t\t\t\t<div class=\"elementor-row\">\n\t\t\t\t\t<div class=\"elementor-column elementor-col-66 elementor-top-column elementor-element elementor-element-c9c69d5\" data-id=\"c9c69d5\" data-element_type=\"column\">\n\t\t\t<div class=\"elementor-column-wrap elementor-element-populated\">\n\t\t\t\t\t\t\t<div class=\"elementor-widget-wrap\">\n\t\t\t\t\t\t<div class=\"elementor-element elementor-element-16d0e7c elementor-position-left elementor-vertical-align-top elementor-widget elementor-widget-image-box\" data-id=\"16d0e7c\" data-element_type=\"widget\" data-settings=\"{&quot;vlt_wow_animation_name&quot;:&quot;none&quot;}\" data-widget_type=\"image-box.default\">\n\t\t\t\t<div class=\"elementor-widget-container\">\n\t\t\t<div class=\"elementor-image-box-wrapper\"><figure class=\"elementor-image-box-img\"><a href=\"https:\/\/www.gulsahsahin.com\/?p=1265\"><img decoding=\"async\" src=\"https:\/\/www.gulsahsahin.com\/wp-content\/uploads\/2023\/05\/mikroetkilesim.png\" title=\"mikroetkilesim\" alt=\"mikroetkilesim\" \/><\/a><\/figure><div class=\"elementor-image-box-content\"><h3 class=\"elementor-image-box-title\"><a href=\"https:\/\/www.gulsahsahin.com\/?p=1265\">Mikro Etkile\u015fimler<\/a><\/h3><p class=\"elementor-image-box-description\">Mikro Etkile\u015fimler kullan\u0131c\u0131lar\u0131n bir uygulama veya web sitesinde deneyimledikleri k\u00fc\u00e7\u00fck, anlaml\u0131 ve hedef odakl\u0131 ...<\/p><\/div><\/div>\t\t<\/div>\n\t\t\t\t<\/div>\n\t\t\t\t<div class=\"elementor-element elementor-element-fe62c88 elementor-position-left elementor-vertical-align-top elementor-widget elementor-widget-image-box\" data-id=\"fe62c88\" data-element_type=\"widget\" data-settings=\"{&quot;vlt_wow_animation_name&quot;:&quot;none&quot;}\" data-widget_type=\"image-box.default\">\n\t\t\t\t<div class=\"elementor-widget-container\">\n\t\t\t<div class=\"elementor-image-box-wrapper\"><figure class=\"elementor-image-box-img\"><a href=\"https:\/\/www.gulsahsahin.com\/?p=1265\"><img decoding=\"async\" src=\"https:\/\/www.gulsahsahin.com\/wp-content\/uploads\/2023\/05\/erisilebilirlik-1.png\" title=\"erisilebilirlik\" alt=\"erisilebilirlik\" \/><\/a><\/figure><div class=\"elementor-image-box-content\"><h3 class=\"elementor-image-box-title\"><a href=\"https:\/\/www.gulsahsahin.com\/?p=1265\">UX'de Eri\u015filebilirlik<\/a><\/h3><p class=\"elementor-image-box-description\">Eri\u015filebilirlik, herkesin kullan\u0131c\u0131 deneyimlerinden e\u015fit derecede faydalanmas\u0131n\u0131 sa\u011flar ve kapsay\u0131c\u0131 bir yakla\u015f\u0131m\u0131...<\/p><\/div><\/div>\t\t<\/div>\n\t\t\t\t<\/div>\n\t\t\t\t<div class=\"elementor-element elementor-element-b55cf6c elementor-position-left elementor-vertical-align-top elementor-widget elementor-widget-image-box\" data-id=\"b55cf6c\" data-element_type=\"widget\" data-settings=\"{&quot;vlt_wow_animation_name&quot;:&quot;none&quot;}\" data-widget_type=\"image-box.default\">\n\t\t\t\t<div class=\"elementor-widget-container\">\n\t\t\t<div class=\"elementor-image-box-wrapper\"><figure class=\"elementor-image-box-img\"><a href=\"https:\/\/www.gulsahsahin.com\/?p=1265\"><img decoding=\"async\" src=\"https:\/\/www.gulsahsahin.com\/wp-content\/uploads\/2023\/05\/persona.png\" title=\"persona\" alt=\"uxpersona\" \/><\/a><\/figure><div class=\"elementor-image-box-content\"><h3 class=\"elementor-image-box-title\"><a href=\"https:\/\/www.gulsahsahin.com\/?p=1265\">Ux Personalar\u0131 Olu\u015fturma<\/a><\/h3><p class=\"elementor-image-box-description\">UX persona, hedef kullan\u0131c\u0131lar\u0131n temsilini sa\u011flayan kurgusal karakterlerdir. Persona olu\u015fturulmas\u0131...<\/p><\/div><\/div>\t\t<\/div>\n\t\t\t\t<\/div>\n\t\t\t\t\t\t<\/div>\n\t\t\t\t\t<\/div>\n\t\t<\/div>\n\t\t\t\t<div class=\"elementor-column elementor-col-33 elementor-top-column elementor-element elementor-element-48fe7a5\" data-id=\"48fe7a5\" data-element_type=\"column\">\n\t\t\t<div class=\"elementor-column-wrap elementor-element-populated\">\n\t\t\t\t\t\t\t<div class=\"elementor-widget-wrap\">\n\t\t\t\t\t\t<div class=\"elementor-element elementor-element-e99ea8a elementor-widget elementor-widget-sidebar\" data-id=\"e99ea8a\" data-element_type=\"widget\" data-settings=\"{&quot;vlt_wow_animation_name&quot;:&quot;none&quot;}\" data-widget_type=\"sidebar.default\">\n\t\t\t\t<div class=\"elementor-widget-container\">\n\t\t\t<div id=\"search-2\" class=\"vlt-widget widget_search\">\n<form class=\"vlt-search-form\" method=\"get\" action=\"https:\/\/www.gulsahsahin.com\/\">\n\t<input type=\"text\" id=\"s\" name=\"s\" placeholder=\"Ara&hellip;\" value=\"\">\n\t<button><i class=\"ion-ios-search-strong\"><\/i><\/button>\n<\/form>\n<!-- \/.vlt-search-form --><\/div>\n\t\t<div id=\"recent-posts-2\" class=\"vlt-widget widget_recent_entries\">\n\t\t<h5 class=\"vlt-widget__title\">Son Yaz\u0131lar<\/h5>\n\t\t<ul>\n\t\t\t\t\t\t\t\t\t\t\t<li>\n\t\t\t\t\t<a href=\"https:\/\/www.gulsahsahin.com\/?p=1291\">Ux&#8217;de Eri\u015filebilirlik<\/a>\n\t\t\t\t\t\t\t\t\t<\/li>\n\t\t\t\t\t\t\t\t\t\t\t<li>\n\t\t\t\t\t<a href=\"https:\/\/www.gulsahsahin.com\/?p=1265\">Mikro Etkile\u015fimler<\/a>\n\t\t\t\t\t\t\t\t\t<\/li>\n\t\t\t\t\t\t\t\t\t\t\t<li>\n\t\t\t\t\t<a href=\"https:\/\/www.gulsahsahin.com\/?p=1307\">Ux Personalar\u0131 Olu\u015fturma<\/a>\n\t\t\t\t\t\t\t\t\t<\/li>\n\t\t\t\t\t<\/ul>\n\n\t\t<\/div>\t\t<\/div>\n\t\t\t\t<\/div>\n\t\t\t\t\t\t<\/div>\n\t\t\t\t\t<\/div>\n\t\t<\/div>\n\t\t\t\t\t\t\t\t<\/div>\n\t\t\t\t\t<\/div>\n\t\t<\/section>\n\t\t\t\t\t\t\t\t\t<\/div>\n\t\t\t<\/div>\n\t\t\t\t\t<\/div>\n\t\t","protected":false},"excerpt":{"rendered":"<p>Mikro Etkile\u015fimler Mikro Etkile\u015fimler kullan\u0131c\u0131lar\u0131n bir uygulama veya web sitesinde deneyimledikleri k\u00fc\u00e7\u00fck, anlaml\u0131 ve hedef odakl\u0131 &#8230; UX&#8217;de Eri\u015filebilirlik Eri\u015filebilirlik, herkesin kullan\u0131c\u0131 deneyimlerinden e\u015fit derecede faydalanmas\u0131n\u0131 sa\u011flar ve kapsay\u0131c\u0131 bir yakla\u015f\u0131m\u0131&#8230; Ux Personalar\u0131 Olu\u015fturma UX persona, hedef kullan\u0131c\u0131lar\u0131n temsilini sa\u011flayan kurgusal karakterlerdir. Persona olu\u015fturulmas\u0131&#8230;<\/p>\n","protected":false},"author":1,"featured_media":0,"parent":0,"menu_order":0,"comment_status":"closed","ping_status":"closed","template":"","meta":{"_mi_skip_tracking":false,"iawp_total_views":2},"acf":[],"_links":{"self":[{"href":"https:\/\/www.gulsahsahin.com\/index.php?rest_route=\/wp\/v2\/pages\/252"}],"collection":[{"href":"https:\/\/www.gulsahsahin.com\/index.php?rest_route=\/wp\/v2\/pages"}],"about":[{"href":"https:\/\/www.gulsahsahin.com\/index.php?rest_route=\/wp\/v2\/types\/page"}],"author":[{"embeddable":true,"href":"https:\/\/www.gulsahsahin.com\/index.php?rest_route=\/wp\/v2\/users\/1"}],"replies":[{"embeddable":true,"href":"https:\/\/www.gulsahsahin.com\/index.php?rest_route=%2Fwp%2Fv2%2Fcomments&post=252"}],"version-history":[{"count":45,"href":"https:\/\/www.gulsahsahin.com\/index.php?rest_route=\/wp\/v2\/pages\/252\/revisions"}],"predecessor-version":[{"id":1490,"href":"https:\/\/www.gulsahsahin.com\/index.php?rest_route=\/wp\/v2\/pages\/252\/revisions\/1490"}],"wp:attachment":[{"href":"https:\/\/www.gulsahsahin.com\/index.php?rest_route=%2Fwp%2Fv2%2Fmedia&parent=252"}],"curies":[{"name":"wp","href":"https:\/\/api.w.org\/{rel}","templated":true}]}}